{"id":10,"date":"2015-02-17T18:07:21","date_gmt":"2015-02-17T18:07:21","guid":{"rendered":"http:\/\/lignoplan.com\/wordpress\/?page_id=10"},"modified":"2016-06-17T09:17:58","modified_gmt":"2016-06-17T08:17:58","slug":"energieberatung","status":"publish","type":"page","link":"https:\/\/lignoplan.com\/wordpress\/leistungen\/energieberatung\/","title":{"rendered":"Energieberatung"},"content":{"rendered":"<p>Die vielf\u00e4ltigen M\u00f6glichkeiten Geb\u00e4ude zu d\u00e4mmen, die gro\u00dfe Produktauswahl an D\u00e4mmstoffen und die unterschiedlichen Heizungskonzepte bieten M\u00f6glichkeiten den Energieverbrauch von Geb\u00e4uden deutlich zu senken und die Beheizung und K\u00fchlung von Geb\u00e4uden nachhaltig zu gestalten.<\/p>\n<p><strong>LIGNOPLAN <\/strong>hilft Ihnen das f\u00fcr Sie passende Konzept zu finden und die angebotenen F\u00f6rderm\u00f6glichkeiten zu nutzen!<\/p>\n","protected":false},"excerpt":{"rendered":"<p>Die vielf\u00e4ltigen M\u00f6glichkeiten Geb\u00e4ude zu d\u00e4mmen, die gro\u00dfe Produktauswahl an D\u00e4mmstoffen und die unterschiedlichen Heizungskonzepte bieten M\u00f6glichkeiten den Energieverbrauch von Geb\u00e4uden deutlich zu senken und die Beheizung und K\u00fchlung von Geb\u00e4uden nachhaltig zu gestalten. LIGNOPLAN hilft Ihnen das f\u00fcr Sie passende Konzept zu finden und die angebotenen F\u00f6rderm\u00f6glichkeiten zu nutzen!<\/p>\n","protected":false},"author":2,"featured_media":0,"parent":28,"menu_order":4,"comment_status":"closed","ping_status":"closed","template":"","meta":{"footnotes":""},"_links":{"self":[{"href":"https:\/\/lignoplan.com\/wordpress\/wp-json\/wp\/v2\/pages\/10"}],"collection":[{"href":"https:\/\/lignoplan.com\/wordpress\/wp-json\/wp\/v2\/pages"}],"about":[{"href":"https:\/\/lignoplan.com\/wordpress\/wp-json\/wp\/v2\/types\/page"}],"author":[{"embeddable":true,"href":"https:\/\/lignoplan.com\/wordpress\/wp-json\/wp\/v2\/users\/2"}],"replies":[{"embeddable":true,"href":"https:\/\/lignoplan.com\/wordpress\/wp-json\/wp\/v2\/comments?post=10"}],"version-history":[{"count":12,"href":"https:\/\/lignoplan.com\/wordpress\/wp-json\/wp\/v2\/pages\/10\/revisions"}],"predecessor-version":[{"id":307,"href":"https:\/\/lignoplan.com\/wordpress\/wp-json\/wp\/v2\/pages\/10\/revisions\/307"}],"up":[{"embeddable":true,"href":"https:\/\/lignoplan.com\/wordpress\/wp-json\/wp\/v2\/pages\/28"}],"wp:attachment":[{"href":"https:\/\/lignoplan.com\/wordpress\/wp-json\/wp\/v2\/media?parent=10"}],"curies":[{"name":"wp","href":"https:\/\/api.w.org\/{rel}","templated":true}]}}